{"id":835,"date":"2019-09-30T21:51:16","date_gmt":"2019-09-30T21:51:16","guid":{"rendered":"https:\/\/www.mediaz-electronics.de\/?page_id=835"},"modified":"2021-01-29T14:45:56","modified_gmt":"2021-01-29T14:45:56","slug":"werbeagentur-2","status":"publish","type":"page","link":"https:\/\/www.mediaz-electronics.de\/index.php\/werbeagentur-2\/","title":{"rendered":"Werbeagentur"},"content":{"rendered":"<div id='layer_slider_1'  class='avia-layerslider main_color avia-shadow  avia-builder-el-0  el_before_av_textblock  avia-builder-el-first  container_wrap fullsize'  style='height: 421px; max-width: 1280px; margin: 0 auto;'  ><\/div><div id='after_layer_slider_1'  class='main_color av_default_container_wrap container_wrap fullsize'  ><div class='container av-section-cont-open' ><div class='template-page content  av-content-full alpha units'><div class='post-entry post-entry-type-page post-entry-835'><div class='entry-content-wrapper clearfix'>\n<section  class='av_textblock_section av-k16y6iuz-f811e02776c001d3fe822c1e451dac65'  itemscope=\"itemscope\" itemtype=\"https:\/\/schema.org\/CreativeWork\" ><div class='avia_textblock'  itemprop=\"text\" ><h1><img loading=\"lazy\" class=\"alignnone size-full wp-image-507\" src=\"..\/wp-content\/uploads\/2019\/09\/Blank-Print-Document-8.png\" alt=\"\" width=\"22\" height=\"22\" srcset=\"https:\/\/www.mediaz-electronics.de\/wp-content\/uploads\/2019\/09\/Blank-Print-Document-8.png 72w, https:\/\/www.mediaz-electronics.de\/wp-content\/uploads\/2019\/09\/Blank-Print-Document-8-36x36.png 36w\" sizes=\"(max-width: 22px) 100vw, 22px\" \/> WERBEAGENTUR<\/h1>\n<\/div><\/section>\n\n<style type=\"text\/css\" data-created_by=\"avia_inline_auto\" id=\"style-css-av-1fsr1n-cfe5a41a589a94b31a4ff78235bb2c7e\">\n.flex_column.av-1fsr1n-cfe5a41a589a94b31a4ff78235bb2c7e{\nborder-radius:0px 0px 0px 0px;\n-webkit-border-radius:0px 0px 0px 0px;\n-moz-border-radius:0px 0px 0px 0px;\n}\n<\/style>\n<div class='flex_column av-1fsr1n-cfe5a41a589a94b31a4ff78235bb2c7e av_one_full  avia-builder-el-2  el_after_av_textblock  el_before_av_three_fifth  first flex_column_div av-zero-column-padding column-top-margin'   ><\/div>\n\n<style type=\"text\/css\" data-created_by=\"avia_inline_auto\" id=\"style-css-av-1a0byj-f48206937b5a875a9a787aed7c5a95c0\">\n.flex_column.av-1a0byj-f48206937b5a875a9a787aed7c5a95c0{\nborder-radius:0px 0px 0px 0px;\n-webkit-border-radius:0px 0px 0px 0px;\n-moz-border-radius:0px 0px 0px 0px;\n}\n<\/style>\n<div class='flex_column av-1a0byj-f48206937b5a875a9a787aed7c5a95c0 av_three_fifth  avia-builder-el-3  el_after_av_one_full  el_before_av_two_fifth  first flex_column_div av-zero-column-padding column-top-margin'   ><style type=\"text\/css\" data-created_by=\"avia_inline_auto\" id=\"style-css-av-k16yxi79-08c49848971454c3f1a314a6a41568e5\">\n#top .avia-icon-list-container.av-k16yxi79-08c49848971454c3f1a314a6a41568e5 .iconlist_icon{\nbackground-color:#edae44;\nborder:1px solid #edae44;\n}\n<\/style>\n<div  class='avia-icon-list-container av-k16yxi79-08c49848971454c3f1a314a6a41568e5  avia-builder-el-4  avia-builder-el-no-sibling '><ul class='avia-icon-list avia_animate_when_almost_visible avia-icon-list-left av-iconlist-big av-k16yxi79-08c49848971454c3f1a314a6a41568e5 avia-iconlist-animate'>\n<li><div class='iconlist_icon av-18pucj-55479b90cb7e1674ffa4f7e07c9b959c avia-font-entypo-fontello'><span class='iconlist-char' aria-hidden='true' data-av_icon='\ue83c' data-av_iconfont='entypo-fontello'><\/span><\/div><article class=\"article-icon-entry \"  itemscope=\"itemscope\" itemtype=\"https:\/\/schema.org\/CreativeWork\" ><div class=\"iconlist_content_wrap\"><header class=\"entry-content-header\"><h4 class='av_iconlist_title iconlist_title  '  itemprop=\"headline\" >individuelle Kundenbetreuung<\/h4><\/header><div class='iconlist_content '  itemprop=\"text\" ><p>Wir nehmen uns die Zeit f\u00fcr Sie. Sprechen Sie uns mit Ihrem Anliegen oder beispielsweise Ihren konkreten Vorstellungen, wie Ihr Design sp\u00e4ter aussehen soll, gerne direkt an. Wir \u00fcbernehmen die Realisierung Ihres Vorhabens stets in enger Zusammenarbeit und Kommunikation mit Ihnen.<\/p>\n<\/div><\/div><footer class=\"entry-footer\"><\/footer><\/article><div class=\"iconlist-timeline\"><\/div><\/li>\n<li><div class='iconlist_icon av-tp6m3-e99110e6939e9ecc8b667bbdec578fe4 avia-font-entypo-fontello'><span class='iconlist-char' aria-hidden='true' data-av_icon='\ue8a4' data-av_iconfont='entypo-fontello'><\/span><\/div><article class=\"article-icon-entry \"  itemscope=\"itemscope\" itemtype=\"https:\/\/schema.org\/CreativeWork\" ><div class=\"iconlist_content_wrap\"><header class=\"entry-content-header\"><h4 class='av_iconlist_title iconlist_title  '  itemprop=\"headline\" >Designdienstleistungen<\/h4><\/header><div class='iconlist_content '  itemprop=\"text\" ><p>F\u00fcr unsere weltweit agierenden Kunden erstellen wir\u00a0digitale Designerzeugnisse, wie z.B. Logos, Briefpapier, Schilder, Layouts, Speisekarten u.v.m.<\/p>\n<\/div><\/div><footer class=\"entry-footer\"><\/footer><\/article><div class=\"iconlist-timeline\"><\/div><\/li>\n<li><div class='iconlist_icon av-av_iconlist_item-899425f1a30eca55353ca15cb424d50a avia-font-entypo-fontello'><span class='iconlist-char' aria-hidden='true' data-av_icon='\ue84d' data-av_iconfont='entypo-fontello'><\/span><\/div><article class=\"article-icon-entry \"  itemscope=\"itemscope\" itemtype=\"https:\/\/schema.org\/CreativeWork\" ><div class=\"iconlist_content_wrap\"><header class=\"entry-content-header\"><h4 class='av_iconlist_title iconlist_title  '  itemprop=\"headline\" >Printmedien<\/h4><\/header><div class='iconlist_content '  itemprop=\"text\" ><h5><\/h5>\n<h5><\/h5>\n<h5>GESTALTUNG UND DRUCK VON&#8230;<\/h5>\n<p><strong><img loading=\"lazy\" class=\"alignnone wp-image-507\" src=\"https:\/\/www.mediaz-electronics.de\/wp-content\/uploads\/2019\/09\/Blank-Print-Document-8.png\" alt=\"\" width=\"12\" height=\"12\" srcset=\"https:\/\/www.mediaz-electronics.de\/wp-content\/uploads\/2019\/09\/Blank-Print-Document-8.png 72w, https:\/\/www.mediaz-electronics.de\/wp-content\/uploads\/2019\/09\/Blank-Print-Document-8-36x36.png 36w\" sizes=\"(max-width: 12px) 100vw, 12px\" \/> Tickets, Plakate, Werbebanner<\/strong><\/p>\n<p><strong><img loading=\"lazy\" class=\"alignnone wp-image-507\" src=\"https:\/\/www.mediaz-electronics.de\/wp-content\/uploads\/2019\/09\/Blank-Print-Document-8.png\" alt=\"\" width=\"12\" height=\"12\" srcset=\"https:\/\/www.mediaz-electronics.de\/wp-content\/uploads\/2019\/09\/Blank-Print-Document-8.png 72w, https:\/\/www.mediaz-electronics.de\/wp-content\/uploads\/2019\/09\/Blank-Print-Document-8-36x36.png 36w\" sizes=\"(max-width: 12px) 100vw, 12px\" \/> Gastronomiebedarf: Speisekarten, Cocktailkarten, Eiskarten usw.<\/strong><\/p>\n<p><strong><img loading=\"lazy\" class=\"alignnone wp-image-507\" src=\"https:\/\/www.mediaz-electronics.de\/wp-content\/uploads\/2019\/09\/Blank-Print-Document-8.png\" alt=\"\" width=\"12\" height=\"12\" srcset=\"https:\/\/www.mediaz-electronics.de\/wp-content\/uploads\/2019\/09\/Blank-Print-Document-8.png 72w, https:\/\/www.mediaz-electronics.de\/wp-content\/uploads\/2019\/09\/Blank-Print-Document-8-36x36.png 36w\" sizes=\"(max-width: 12px) 100vw, 12px\" \/> Visitenkarten, Flyer<\/strong><\/p>\n<p><strong><img loading=\"lazy\" class=\"alignnone wp-image-507\" src=\"https:\/\/www.mediaz-electronics.de\/wp-content\/uploads\/2019\/09\/Blank-Print-Document-8.png\" alt=\"\" width=\"12\" height=\"12\" srcset=\"https:\/\/www.mediaz-electronics.de\/wp-content\/uploads\/2019\/09\/Blank-Print-Document-8.png 72w, https:\/\/www.mediaz-electronics.de\/wp-content\/uploads\/2019\/09\/Blank-Print-Document-8-36x36.png 36w\" sizes=\"(max-width: 12px) 100vw, 12px\" \/> Brosch\u00fcren, Prospekte<\/strong><\/p>\n<p><strong><img loading=\"lazy\" class=\"alignnone wp-image-507\" src=\"https:\/\/www.mediaz-electronics.de\/wp-content\/uploads\/2019\/09\/Blank-Print-Document-8.png\" alt=\"\" width=\"12\" height=\"12\" srcset=\"https:\/\/www.mediaz-electronics.de\/wp-content\/uploads\/2019\/09\/Blank-Print-Document-8.png 72w, https:\/\/www.mediaz-electronics.de\/wp-content\/uploads\/2019\/09\/Blank-Print-Document-8-36x36.png 36w\" sizes=\"(max-width: 12px) 100vw, 12px\" \/> Spezialdruckerzeugnisse (z.B. Siebdruck)<\/strong><\/p>\n<p><strong><img loading=\"lazy\" class=\"alignnone wp-image-507\" src=\"https:\/\/www.mediaz-electronics.de\/wp-content\/uploads\/2019\/09\/Blank-Print-Document-8.png\" alt=\"\" width=\"12\" height=\"12\" srcset=\"https:\/\/www.mediaz-electronics.de\/wp-content\/uploads\/2019\/09\/Blank-Print-Document-8.png 72w, https:\/\/www.mediaz-electronics.de\/wp-content\/uploads\/2019\/09\/Blank-Print-Document-8-36x36.png 36w\" sizes=\"(max-width: 12px) 100vw, 12px\" \/> &#8230; und vieles mehr. Fragen Sie bei uns nach!<\/strong><\/p>\n<\/div><\/div><footer class=\"entry-footer\"><\/footer><\/article><div class=\"iconlist-timeline\"><\/div><\/li>\n<li><div class='iconlist_icon av-fxj8z-df1856712fd5ac081548b90beb401b40 avia-font-entypo-fontello'><span class='iconlist-char' aria-hidden='true' data-av_icon='\ue857' data-av_iconfont='entypo-fontello'><\/span><\/div><article class=\"article-icon-entry \"  itemscope=\"itemscope\" itemtype=\"https:\/\/schema.org\/CreativeWork\" ><div class=\"iconlist_content_wrap\"><header class=\"entry-content-header\"><h4 class='av_iconlist_title iconlist_title  '  itemprop=\"headline\" >Social-Media - Betreuung<\/h4><\/header><div class='iconlist_content '  itemprop=\"text\" ><p>F\u00fcr Ihren Social Media-Auftritt auf Facebook, Twitter, Instagram usw. suchen Sie noch einen kompetenten Partner, der Ihre Profile aktuell h\u00e4lt und in regelm\u00e4\u00dfigen Abst\u00e4nden etwas f\u00fcr Ihr Unternehmen passendes postet? Gerne \u00fcbernehmen wir auch diesen Teil Ihrer Marketingstrategie zum monatlichen Fixpreis &#8211; v\u00f6llig im Hintergrund arbeitend und f\u00fcr Ihre Endkunden nicht einsehbar.<\/p>\n<\/div><\/div><footer class=\"entry-footer\"><\/footer><\/article><div class=\"iconlist-timeline\"><\/div><\/li>\n<li><div class='iconlist_icon av-bi74z-096602e6c48f0e795335c8777edfbc1d avia-font-entypo-fontello'><span class='iconlist-char' aria-hidden='true' data-av_icon='\ue851' data-av_iconfont='entypo-fontello'><\/span><\/div><article class=\"article-icon-entry \"  itemscope=\"itemscope\" itemtype=\"https:\/\/schema.org\/CreativeWork\" ><div class=\"iconlist_content_wrap\"><header class=\"entry-content-header\"><h4 class='av_iconlist_title iconlist_title  '  itemprop=\"headline\" >Aufr\u00e4umen von veralterten Daten im Internet<\/h4><\/header><div class='iconlist_content '  itemprop=\"text\" ><p>Stellen Sie sich vor: Sie haben ein Unternehmen, beispielsweise ein Restaurant, \u00fcbernommen. Nach der Suche Ihres Restaurants finden Ihre Kunden aber gr\u00f6\u00dftenteils alte Eintr\u00e4ge mit veralterten Kontaktdaten, Speisekarten oder \u00c4hnliches auf diversen Internetportalen oder Suchmaschinen&#8230; Ihre Kunden erreichen Sie nicht, weil Sie f\u00e4lschlicherweise eine alte Telefonnummer w\u00e4hlen.<br \/>\nDamit genau das nicht passiert, bieten wir unseren &#8222;Aufr\u00e4um-Service&#8220; an &#8211; mit dem wir veralterte Eintr\u00e4ge nahezu alle aktualisieren k\u00f6nnen. Gerne beraten wir Sie hierzu umfassend!<\/p>\n<\/div><\/div><footer class=\"entry-footer\"><\/footer><\/article><div class=\"iconlist-timeline\"><\/div><\/li>\n<li><div class='iconlist_icon av-xsvqr-a03a662b990bc4f3c900d671bda17b93 avia-font-entypo-fontello'><span class='iconlist-char' aria-hidden='true' data-av_icon='\ue8b1' data-av_iconfont='entypo-fontello'><\/span><\/div><article class=\"article-icon-entry \"  itemscope=\"itemscope\" itemtype=\"https:\/\/schema.org\/CreativeWork\" ><div class=\"iconlist_content_wrap\"><header class=\"entry-content-header\"><h4 class='av_iconlist_title iconlist_title  '  itemprop=\"headline\" >Websiteerstellung und Betreuung<\/h4><\/header><div class='iconlist_content '  itemprop=\"text\" ><p>Eine Website ist Ihr Aush\u00e4ngeschild &#8211; Gerne bauen wir Ihnen Ihr neues &#8222;Aush\u00e4ngeschild&#8220; &#8211; auch responsiv (Mobilger\u00e4te-optimiert). Auf Wunsch k\u00f6nnen aber auch bereits bestehende Webseiten von uns weiter betreut werden. Weitere Informationen hierzu finden Sie <a href=\"https:\/\/www.mediaz-electronics.de\/index.php\/homepage-webhosting\/\">hier<\/a>.<\/p>\n<\/div><\/div><footer class=\"entry-footer\"><\/footer><\/article><div class=\"iconlist-timeline\"><\/div><\/li>\n<li><div class='iconlist_icon av-rxtqz-8347afa82b3bfa71a0d565f59424ee0e avia-font-entypo-fontello'><span class='iconlist-char' aria-hidden='true' data-av_icon='\ue803' data-av_iconfont='entypo-fontello'><\/span><\/div><article class=\"article-icon-entry \"  itemscope=\"itemscope\" itemtype=\"https:\/\/schema.org\/CreativeWork\" ><div class=\"iconlist_content_wrap\"><header class=\"entry-content-header\"><h4 class='av_iconlist_title iconlist_title  '  itemprop=\"headline\" >Besser digital gefunden werden<\/h4><\/header><div class='iconlist_content '  itemprop=\"text\" ><div class=\"wb_cont_inner\">\n<div id=\"wb_element_instance713\" class=\"wb_element wb_text_element\">\n<p class=\"wb-stl-normal\">Von Suchmaschinenoptimierung \u00fcber Eintragung in f\u00fcr Ihr Unternehmen branchenspezifischen Verzeichnissen bis hin zur digitalen Marketingstrategie und Werbeanzeigen: Damit Ihr Unternehmen von Ihren potenziellen Neu-Kunden gefunden wird, ben\u00f6tigt es mehr als nur eine Homepage. Gerne beraten und unterst\u00fctzen wir Sie bei diesen H\u00fcrden.<\/p>\n<\/div>\n<\/div>\n<div class=\"wb_cont_outer\"><\/div>\n<\/div><\/div><footer class=\"entry-footer\"><\/footer><\/article><div class=\"iconlist-timeline\"><\/div><\/li>\n<li><div class='iconlist_icon av-iktsz-ecf1a73d632db41e02eeb856bdd49164 avia-font-entypo-fontello'><span class='iconlist-char' aria-hidden='true' data-av_icon='\ue8ab' data-av_iconfont='entypo-fontello'><\/span><\/div><article class=\"article-icon-entry \"  itemscope=\"itemscope\" itemtype=\"https:\/\/schema.org\/CreativeWork\" ><div class=\"iconlist_content_wrap\"><header class=\"entry-content-header\"><h4 class='av_iconlist_title iconlist_title  '  itemprop=\"headline\" >Erstellung von Content f\u00fcr Infotafeln<\/h4><\/header><div class='iconlist_content '  itemprop=\"text\" ><p>Einfache grafische Contenterstellung in Form von Stand- oder bewegten Bildern f\u00fcr unsere Infotafelsysteme oder externe Digital-Signage-L\u00f6sungen k\u00f6nnen Sie direkt \u00fcber uns abwickeln.<\/p>\n<\/div><\/div><footer class=\"entry-footer\"><\/footer><\/article><div class=\"iconlist-timeline\"><\/div><\/li>\n<li><div class='iconlist_icon av-h7dpn-259e73251912150e54bb664c76b1b430 avia-font-entypo-fontello'><span class='iconlist-char' aria-hidden='true' data-av_icon='\ue83b' data-av_iconfont='entypo-fontello'><\/span><\/div><article class=\"article-icon-entry \"  itemscope=\"itemscope\" itemtype=\"https:\/\/schema.org\/CreativeWork\" ><div class=\"iconlist_content_wrap\"><header class=\"entry-content-header\"><h4 class='av_iconlist_title iconlist_title  '  itemprop=\"headline\" >Ihr Vorhaben<\/h4><\/header><div class='iconlist_content '  itemprop=\"text\" ><p>Sie haben nicht all-t\u00e4gliches Vorhaben und ben\u00f6tigen eine Agentur, die Ihnen zur Realisierung hilft? Sprechen Sie uns an! Gerne beraten wir Sie umfassend und zeigen Ihnen, was wir f\u00fcr Sie realisieren k\u00f6nnen.<\/p>\n<\/div><\/div><footer class=\"entry-footer\"><\/footer><\/article><div class=\"iconlist-timeline\"><\/div><\/li>\n<\/ul><\/div><\/div>\n<style type=\"text\/css\" data-created_by=\"avia_inline_auto\" id=\"style-css-av-97iab-d7bbecdce314e5cb2b3746fc411bf94a\">\n.flex_column.av-97iab-d7bbecdce314e5cb2b3746fc411bf94a{\nborder-radius:0px 0px 0px 0px;\n-webkit-border-radius:0px 0px 0px 0px;\n-moz-border-radius:0px 0px 0px 0px;\n}\n<\/style>\n<div class='flex_column av-97iab-d7bbecdce314e5cb2b3746fc411bf94a av_two_fifth  avia-builder-el-5  el_after_av_three_fifth  avia-builder-el-last  flex_column_div av-zero-column-padding column-top-margin'   ><section  class='av_textblock_section av-k2d6waei-aeeafc2307e2938922055b8a9dd32ece'  itemscope=\"itemscope\" itemtype=\"https:\/\/schema.org\/CreativeWork\" ><div class='avia_textblock'  itemprop=\"text\" ><h3 style=\"text-align: right;\">Senden Sie uns Ihre Anfrage!<\/h3>\n<p style=\"text-align: right;\">E-Mail: info@mediaz-electronics.de<br \/>\nTel.: 02352 \/ 93681 &#8211; 0<\/p>\n<\/div><\/section><\/div><\/p>\n","protected":false},"excerpt":{"rendered":"","protected":false},"author":1,"featured_media":0,"parent":0,"menu_order":0,"comment_status":"closed","ping_status":"closed","template":"","meta":[],"yoast_head":"<!-- This site is optimized with the Yoast SEO Premium plugin v15.7 - https:\/\/yoast.com\/wordpress\/plugins\/seo\/ -->\n<title>Werbeagentur - Mediaz-Electronics<\/title>\n<meta name=\"robots\" content=\"index, follow, max-snippet:-1, max-image-preview:large, max-video-preview:-1\" \/>\n<link rel=\"canonical\" href=\"https:\/\/www.mediaz-electronics.de\/index.php\/werbeagentur-2\/\" \/>\n<meta property=\"og:locale\" content=\"de_DE\" \/>\n<meta property=\"og:type\" content=\"article\" \/>\n<meta property=\"og:title\" content=\"Werbeagentur - Mediaz-Electronics\" \/>\n<meta property=\"og:url\" content=\"https:\/\/www.mediaz-electronics.de\/index.php\/werbeagentur-2\/\" \/>\n<meta property=\"og:site_name\" content=\"Mediaz-Electronics\" \/>\n<meta property=\"article:publisher\" content=\"https:\/\/www.facebook.com\/mediazelectronics\" \/>\n<meta property=\"article:modified_time\" content=\"2021-01-29T14:45:56+00:00\" \/>\n<meta property=\"og:image\" content=\"http:\/\/..\/wp-content\/uploads\/2019\/09\/Blank-Print-Document-8.png\" \/>\n<meta name=\"twitter:card\" content=\"summary_large_image\" \/>\n<meta name=\"twitter:label1\" content=\"Gesch\u00e4tzte Lesezeit\">\n\t<meta name=\"twitter:data1\" content=\"5\u00a0Minuten\">\n<script type=\"application\/ld+json\" class=\"yoast-schema-graph\">{\"@context\":\"https:\/\/schema.org\",\"@graph\":[{\"@type\":\"Organization\",\"@id\":\"https:\/\/www.mediaz-electronics.de\/#organization\",\"name\":\"Mediaz-Electronics\",\"url\":\"https:\/\/www.mediaz-electronics.de\/\",\"sameAs\":[\"https:\/\/www.facebook.com\/mediazelectronics\"],\"logo\":{\"@type\":\"ImageObject\",\"@id\":\"https:\/\/www.mediaz-electronics.de\/#logo\",\"inLanguage\":\"de\",\"url\":\"https:\/\/www.mediaz-electronics.de\/wp-content\/uploads\/2019\/08\/logo.jpg\",\"width\":1020,\"height\":260,\"caption\":\"Mediaz-Electronics\"},\"image\":{\"@id\":\"https:\/\/www.mediaz-electronics.de\/#logo\"}},{\"@type\":\"WebSite\",\"@id\":\"https:\/\/www.mediaz-electronics.de\/#website\",\"url\":\"https:\/\/www.mediaz-electronics.de\/\",\"name\":\"Mediaz-Electronics\",\"description\":\"\",\"publisher\":{\"@id\":\"https:\/\/www.mediaz-electronics.de\/#organization\"},\"potentialAction\":[{\"@type\":\"SearchAction\",\"target\":\"https:\/\/www.mediaz-electronics.de\/?s={search_term_string}\",\"query-input\":\"required name=search_term_string\"}],\"inLanguage\":\"de\"},{\"@type\":\"ImageObject\",\"@id\":\"https:\/\/www.mediaz-electronics.de\/index.php\/werbeagentur-2\/#primaryimage\",\"inLanguage\":\"de\",\"url\":\"..\/wp-content\/uploads\/2019\/09\/Blank-Print-Document-8.png\"},{\"@type\":\"WebPage\",\"@id\":\"https:\/\/www.mediaz-electronics.de\/index.php\/werbeagentur-2\/#webpage\",\"url\":\"https:\/\/www.mediaz-electronics.de\/index.php\/werbeagentur-2\/\",\"name\":\"Werbeagentur - Mediaz-Electronics\",\"isPartOf\":{\"@id\":\"https:\/\/www.mediaz-electronics.de\/#website\"},\"primaryImageOfPage\":{\"@id\":\"https:\/\/www.mediaz-electronics.de\/index.php\/werbeagentur-2\/#primaryimage\"},\"datePublished\":\"2019-09-30T21:51:16+00:00\",\"dateModified\":\"2021-01-29T14:45:56+00:00\",\"inLanguage\":\"de\",\"potentialAction\":[{\"@type\":\"ReadAction\",\"target\":[\"https:\/\/www.mediaz-electronics.de\/index.php\/werbeagentur-2\/\"]}]}]}<\/script>\n<!-- \/ Yoast SEO Premium plugin. -->","_links":{"self":[{"href":"https:\/\/www.mediaz-electronics.de\/index.php\/wp-json\/wp\/v2\/pages\/835"}],"collection":[{"href":"https:\/\/www.mediaz-electronics.de\/index.php\/wp-json\/wp\/v2\/pages"}],"about":[{"href":"https:\/\/www.mediaz-electronics.de\/index.php\/wp-json\/wp\/v2\/types\/page"}],"author":[{"embeddable":true,"href":"https:\/\/www.mediaz-electronics.de\/index.php\/wp-json\/wp\/v2\/users\/1"}],"replies":[{"embeddable":true,"href":"https:\/\/www.mediaz-electronics.de\/index.php\/wp-json\/wp\/v2\/comments?post=835"}],"version-history":[{"count":36,"href":"https:\/\/www.mediaz-electronics.de\/index.php\/wp-json\/wp\/v2\/pages\/835\/revisions"}],"predecessor-version":[{"id":2726,"href":"https:\/\/www.mediaz-electronics.de\/index.php\/wp-json\/wp\/v2\/pages\/835\/revisions\/2726"}],"wp:attachment":[{"href":"https:\/\/www.mediaz-electronics.de\/index.php\/wp-json\/wp\/v2\/media?parent=835"}],"curies":[{"name":"wp","href":"https:\/\/api.w.org\/{rel}","templated":true}]}}