{"id":1552,"date":"2019-11-23T00:32:27","date_gmt":"2019-11-23T00:32:27","guid":{"rendered":"https:\/\/www.mediaz-electronics.de\/?page_id=1552"},"modified":"2019-11-23T00:49:31","modified_gmt":"2019-11-23T00:49:31","slug":"partnerschaften","status":"publish","type":"page","link":"https:\/\/www.mediaz-electronics.de\/index.php\/partnerschaften\/","title":{"rendered":"Partnerschaften"},"content":{"rendered":"\n<style type=\"text\/css\" data-created_by=\"avia_inline_auto\" id=\"style-css-av-2hpeww-7765c7101ee7d1b58014045036a3716c\">\n.flex_column.av-2hpeww-7765c7101ee7d1b58014045036a3716c{\nborder-radius:0px 0px 0px 0px;\n-webkit-border-radius:0px 0px 0px 0px;\n-moz-border-radius:0px 0px 0px 0px;\n}\n<\/style>\n<div class='flex_column av-2hpeww-7765c7101ee7d1b58014045036a3716c av_one_full  avia-builder-el-0  avia-builder-el-no-sibling  first flex_column_div av-zero-column-padding '   ><section  class='av_textblock_section av-k3au9yaz-77238489c7d90ca0ff329a76402598cf'  itemscope=\"itemscope\" itemtype=\"https:\/\/schema.org\/CreativeWork\" ><div class='avia_textblock'  itemprop=\"text\" ><h1>PARTNERSCHAFTEN<\/h1>\n<\/div><\/section><br \/>\n<section  class='av_textblock_section av-k3auqa4k-6b769ae52083a6d680ad08fe8097c6a1'  itemscope=\"itemscope\" itemtype=\"https:\/\/schema.org\/CreativeWork\" ><div class='avia_textblock'  itemprop=\"text\" ><p>St\u00e4ndig auf dem neustem Stand der Technik sein &#8211; um das zu realisieren, besuchen wir nicht nur eine Menge Schulungen und Weiterbildungen. In vielen Bereichen konnten wir uns \u00fcber die Jahre hinweg ein gro\u00dfes Kooperationsnetzwerk aufbauen, welches letztlich auch zu unserer qualitativ hochwertigen Endprodukten beitr\u00e4gt.<br \/>\nNicht zuletzt erm\u00f6glicht es uns unseren Kunden eine nie da gewesene Angebotsvielfalt zu bieten.<\/p>\n<\/div><\/section><\/p><\/div>\n","protected":false},"excerpt":{"rendered":"","protected":false},"author":1,"featured_media":0,"parent":0,"menu_order":0,"comment_status":"closed","ping_status":"closed","template":"","meta":[],"yoast_head":"<!-- This site is optimized with the Yoast SEO Premium plugin v15.7 - https:\/\/yoast.com\/wordpress\/plugins\/seo\/ -->\n<title>Partnerschaften - Mediaz-Electronics<\/title>\n<meta name=\"robots\" content=\"index, follow, max-snippet:-1, max-image-preview:large, max-video-preview:-1\" \/>\n<link rel=\"canonical\" href=\"https:\/\/www.mediaz-electronics.de\/index.php\/partnerschaften\/\" \/>\n<meta property=\"og:locale\" content=\"de_DE\" \/>\n<meta property=\"og:type\" content=\"article\" \/>\n<meta property=\"og:title\" content=\"Partnerschaften - Mediaz-Electronics\" \/>\n<meta property=\"og:url\" content=\"https:\/\/www.mediaz-electronics.de\/index.php\/partnerschaften\/\" \/>\n<meta property=\"og:site_name\" content=\"Mediaz-Electronics\" \/>\n<meta property=\"article:publisher\" content=\"https:\/\/www.facebook.com\/mediazelectronics\" \/>\n<meta property=\"article:modified_time\" content=\"2019-11-23T00:49:31+00:00\" \/>\n<meta name=\"twitter:card\" content=\"summary_large_image\" \/>\n<meta name=\"twitter:label1\" content=\"Gesch\u00e4tzte Lesezeit\">\n\t<meta name=\"twitter:data1\" content=\"1\u00a0Minute\">\n<script type=\"application\/ld+json\" class=\"yoast-schema-graph\">{\"@context\":\"https:\/\/schema.org\",\"@graph\":[{\"@type\":\"Organization\",\"@id\":\"https:\/\/www.mediaz-electronics.de\/#organization\",\"name\":\"Mediaz-Electronics\",\"url\":\"https:\/\/www.mediaz-electronics.de\/\",\"sameAs\":[\"https:\/\/www.facebook.com\/mediazelectronics\"],\"logo\":{\"@type\":\"ImageObject\",\"@id\":\"https:\/\/www.mediaz-electronics.de\/#logo\",\"inLanguage\":\"de\",\"url\":\"https:\/\/www.mediaz-electronics.de\/wp-content\/uploads\/2019\/08\/logo.jpg\",\"width\":1020,\"height\":260,\"caption\":\"Mediaz-Electronics\"},\"image\":{\"@id\":\"https:\/\/www.mediaz-electronics.de\/#logo\"}},{\"@type\":\"WebSite\",\"@id\":\"https:\/\/www.mediaz-electronics.de\/#website\",\"url\":\"https:\/\/www.mediaz-electronics.de\/\",\"name\":\"Mediaz-Electronics\",\"description\":\"\",\"publisher\":{\"@id\":\"https:\/\/www.mediaz-electronics.de\/#organization\"},\"potentialAction\":[{\"@type\":\"SearchAction\",\"target\":\"https:\/\/www.mediaz-electronics.de\/?s={search_term_string}\",\"query-input\":\"required name=search_term_string\"}],\"inLanguage\":\"de\"},{\"@type\":\"WebPage\",\"@id\":\"https:\/\/www.mediaz-electronics.de\/index.php\/partnerschaften\/#webpage\",\"url\":\"https:\/\/www.mediaz-electronics.de\/index.php\/partnerschaften\/\",\"name\":\"Partnerschaften - Mediaz-Electronics\",\"isPartOf\":{\"@id\":\"https:\/\/www.mediaz-electronics.de\/#website\"},\"datePublished\":\"2019-11-23T00:32:27+00:00\",\"dateModified\":\"2019-11-23T00:49:31+00:00\",\"inLanguage\":\"de\",\"potentialAction\":[{\"@type\":\"ReadAction\",\"target\":[\"https:\/\/www.mediaz-electronics.de\/index.php\/partnerschaften\/\"]}]}]}<\/script>\n<!-- \/ Yoast SEO Premium plugin. -->","_links":{"self":[{"href":"https:\/\/www.mediaz-electronics.de\/index.php\/wp-json\/wp\/v2\/pages\/1552"}],"collection":[{"href":"https:\/\/www.mediaz-electronics.de\/index.php\/wp-json\/wp\/v2\/pages"}],"about":[{"href":"https:\/\/www.mediaz-electronics.de\/index.php\/wp-json\/wp\/v2\/types\/page"}],"author":[{"embeddable":true,"href":"https:\/\/www.mediaz-electronics.de\/index.php\/wp-json\/wp\/v2\/users\/1"}],"replies":[{"embeddable":true,"href":"https:\/\/www.mediaz-electronics.de\/index.php\/wp-json\/wp\/v2\/comments?post=1552"}],"version-history":[{"count":3,"href":"https:\/\/www.mediaz-electronics.de\/index.php\/wp-json\/wp\/v2\/pages\/1552\/revisions"}],"predecessor-version":[{"id":1558,"href":"https:\/\/www.mediaz-electronics.de\/index.php\/wp-json\/wp\/v2\/pages\/1552\/revisions\/1558"}],"wp:attachment":[{"href":"https:\/\/www.mediaz-electronics.de\/index.php\/wp-json\/wp\/v2\/media?parent=1552"}],"curies":[{"name":"wp","href":"https:\/\/api.w.org\/{rel}","templated":true}]}}