{"id":1341,"date":"2019-10-28T23:14:29","date_gmt":"2019-10-28T23:14:29","guid":{"rendered":"https:\/\/www.mediaz-electronics.de\/?page_id=1341"},"modified":"2019-10-28T23:29:03","modified_gmt":"2019-10-28T23:29:03","slug":"homepage-uebersicht","status":"publish","type":"page","link":"https:\/\/www.mediaz-electronics.de\/index.php\/homepage-uebersicht\/","title":{"rendered":"Homepage-\u00dcbersicht"},"content":{"rendered":"\n<style type=\"text\/css\" data-created_by=\"avia_inline_auto\" id=\"style-css-av-3087dp-bc45a64596e3d76fcf6f1b5f6ff0fc9a\">\n.flex_column.av-3087dp-bc45a64596e3d76fcf6f1b5f6ff0fc9a{\nborder-radius:0px 0px 0px 0px;\n-webkit-border-radius:0px 0px 0px 0px;\n-moz-border-radius:0px 0px 0px 0px;\n}\n<\/style>\n<div class='flex_column av-3087dp-bc45a64596e3d76fcf6f1b5f6ff0fc9a av_one_full  avia-builder-el-0  el_before_av_two_fifth  avia-builder-el-first  first flex_column_div av-zero-column-padding '   ><section  class='av_textblock_section av-k2b1hgn8-cabb8988d6b93cd832ca005e30790368'  itemscope=\"itemscope\" itemtype=\"https:\/\/schema.org\/CreativeWork\" ><div class='avia_textblock'  itemprop=\"text\" ><h1><img loading=\"lazy\" class=\"alignnone size-full wp-image-508\" src=\"..\/wp-content\/uploads\/2019\/09\/Blank-Print-Document-9.png\" alt=\"\" width=\"24\" height=\"24\" srcset=\"https:\/\/www.mediaz-electronics.de\/wp-content\/uploads\/2019\/09\/Blank-Print-Document-9.png 72w, https:\/\/www.mediaz-electronics.de\/wp-content\/uploads\/2019\/09\/Blank-Print-Document-9-36x36.png 36w\" sizes=\"(max-width: 24px) 100vw, 24px\" \/> HOMEPAGE &amp; WEBHOSTING<\/h1>\n<\/div><\/section><\/div>\n<style type=\"text\/css\" data-created_by=\"avia_inline_auto\" id=\"style-css-av-av_two_fifth-1e26125d131ba13f1accaa8241be1528\">\n.flex_column.av-av_two_fifth-1e26125d131ba13f1accaa8241be1528{\nborder-radius:0px 0px 0px 0px;\n-webkit-border-radius:0px 0px 0px 0px;\n-moz-border-radius:0px 0px 0px 0px;\n}\n<\/style>\n<div class='flex_column av-av_two_fifth-1e26125d131ba13f1accaa8241be1528 av_two_fifth  avia-builder-el-2  el_after_av_one_full  el_before_av_three_fifth  first flex_column_div av-zero-column-padding column-top-margin'   ><style type=\"text\/css\" data-created_by=\"avia_inline_auto\" id=\"style-css-av-k2b1z4c2-6e63f835e139c61942e99955df07f791\">\n.avia-image-container.av-k2b1z4c2-6e63f835e139c61942e99955df07f791 .av-image-caption-overlay-center{\ncolor:#ffffff;\n}\n<\/style>\n<div  class='avia-image-container av-k2b1z4c2-6e63f835e139c61942e99955df07f791 av-styling- avia-align-center  avia-builder-el-3  avia-builder-el-no-sibling '  itemprop=\"image\" itemscope=\"itemscope\" itemtype=\"https:\/\/schema.org\/ImageObject\" ><div class=\"avia-image-container-inner\"><div class=\"avia-image-overlay-wrap\"><img class='wp-image-267 avia-img-lazy-loading-not-267 avia_image' src=\"https:\/\/www.mediaz-electronics.de\/wp-content\/uploads\/2019\/09\/iwetwetsdtgg01.jpg\" alt='' title=''  height=\"1338\" width=\"1920\"  itemprop=\"thumbnailUrl\" srcset=\"https:\/\/www.mediaz-electronics.de\/wp-content\/uploads\/2019\/09\/iwetwetsdtgg01.jpg 1920w, https:\/\/www.mediaz-electronics.de\/wp-content\/uploads\/2019\/09\/iwetwetsdtgg01-600x418.jpg 600w, https:\/\/www.mediaz-electronics.de\/wp-content\/uploads\/2019\/09\/iwetwetsdtgg01-300x209.jpg 300w, https:\/\/www.mediaz-electronics.de\/wp-content\/uploads\/2019\/09\/iwetwetsdtgg01-768x535.jpg 768w, https:\/\/www.mediaz-electronics.de\/wp-content\/uploads\/2019\/09\/iwetwetsdtgg01-1030x718.jpg 1030w, https:\/\/www.mediaz-electronics.de\/wp-content\/uploads\/2019\/09\/iwetwetsdtgg01-1500x1045.jpg 1500w, https:\/\/www.mediaz-electronics.de\/wp-content\/uploads\/2019\/09\/iwetwetsdtgg01-705x491.jpg 705w\" sizes=\"(max-width: 1920px) 100vw, 1920px\" \/><\/div><\/div><\/div><\/div>\n<style type=\"text\/css\" data-created_by=\"avia_inline_auto\" id=\"style-css-av-av_three_fifth-da852e3ef3e55b029d2629c41a20524d\">\n.flex_column.av-av_three_fifth-da852e3ef3e55b029d2629c41a20524d{\nborder-radius:0px 0px 0px 0px;\n-webkit-border-radius:0px 0px 0px 0px;\n-moz-border-radius:0px 0px 0px 0px;\n}\n<\/style>\n<div class='flex_column av-av_three_fifth-da852e3ef3e55b029d2629c41a20524d av_three_fifth  avia-builder-el-4  el_after_av_two_fifth  el_before_av_one_full  flex_column_div av-zero-column-padding column-top-margin'   ><section  class='av_textblock_section av-k2b1so57-3dbe75e276497c138d7b9a4b8f11c33f'  itemscope=\"itemscope\" itemtype=\"https:\/\/schema.org\/CreativeWork\" ><div class='avia_textblock'  itemprop=\"text\" ><h2>HOMEPAGE<\/h2>\n<p>Alle unsere Leistungen rund um Ihre Homepage finden Sie hier:<\/p>\n<ul>\n<li>Homepage bauen lassen<\/li>\n<li>Homepage selbst erstellen mit unseren Website-Baukasten<\/li>\n<li>Homepage \u00fcberarbeiten lassen<\/li>\n<\/ul>\n<\/div><\/section><br \/>\n<div  class='avia-button-wrap avia-button-left  avia-builder-el-6  el_after_av_textblock  avia-builder-el-last ' ><a href='https:\/\/www.mediaz-electronics.de\/index.php\/homepage-webhosting\/'  class='avia-button av-k2b1ulqb-f6705326eda2515fd51ae4a9ad50f2bb avia-icon_select-yes-left-icon avia-size-small avia-position-left avia-color-theme-color' ><span class='avia_button_icon avia_button_icon_left' aria-hidden='true' data-av_icon='\ue81e' data-av_iconfont='entypo-fontello'><\/span><span class='avia_iconbox_title' >Mehr Informationen zu unseren Angeboten rund um Ihre Website<\/span><\/a><\/div><\/p><\/div>\n<style type=\"text\/css\" data-created_by=\"avia_inline_auto\" id=\"style-css-av-av_one_full-1e26125d131ba13f1accaa8241be1528\">\n.flex_column.av-av_one_full-1e26125d131ba13f1accaa8241be1528{\nborder-radius:0px 0px 0px 0px;\n-webkit-border-radius:0px 0px 0px 0px;\n-moz-border-radius:0px 0px 0px 0px;\n}\n<\/style>\n<div class='flex_column av-av_one_full-1e26125d131ba13f1accaa8241be1528 av_one_full  avia-builder-el-7  el_after_av_three_fifth  el_before_av_two_fifth  first flex_column_div av-zero-column-padding '   ><div  class='hr av-av_hr-23b3846cdd0fbd0e234720a594f6db24 hr-default  avia-builder-el-8  avia-builder-el-no-sibling '><span class='hr-inner '><span class=\"hr-inner-style\"><\/span><\/span><\/div><\/div>\n<style type=\"text\/css\" data-created_by=\"avia_inline_auto\" id=\"style-css-av-av_two_fifth-1e26125d131ba13f1accaa8241be1528\">\n.flex_column.av-av_two_fifth-1e26125d131ba13f1accaa8241be1528{\nborder-radius:0px 0px 0px 0px;\n-webkit-border-radius:0px 0px 0px 0px;\n-moz-border-radius:0px 0px 0px 0px;\n}\n<\/style>\n<div class='flex_column av-av_two_fifth-1e26125d131ba13f1accaa8241be1528 av_two_fifth  avia-builder-el-9  el_after_av_one_full  el_before_av_three_fifth  first flex_column_div av-zero-column-padding column-top-margin'   ><style type=\"text\/css\" data-created_by=\"avia_inline_auto\" id=\"style-css-av-k2b1z4c2-dabd94de2fcf8ac3ea5fb76781c0e53a\">\n.avia-image-container.av-k2b1z4c2-dabd94de2fcf8ac3ea5fb76781c0e53a .av-image-caption-overlay-center{\ncolor:#ffffff;\n}\n<\/style>\n<div  class='avia-image-container av-k2b1z4c2-dabd94de2fcf8ac3ea5fb76781c0e53a av-styling- avia-align-center  avia-builder-el-10  avia-builder-el-no-sibling '  itemprop=\"image\" itemscope=\"itemscope\" itemtype=\"https:\/\/schema.org\/ImageObject\" ><div class=\"avia-image-container-inner\"><div class=\"avia-image-overlay-wrap\"><img class='wp-image-29 avia-img-lazy-loading-not-29 avia_image' src=\"https:\/\/www.mediaz-electronics.de\/wp-content\/uploads\/2019\/08\/4ea655df4498ff1cdd98072d6a5ee8f6.png\" alt='' title=''  height=\"666\" width=\"1002\"  itemprop=\"thumbnailUrl\" srcset=\"https:\/\/www.mediaz-electronics.de\/wp-content\/uploads\/2019\/08\/4ea655df4498ff1cdd98072d6a5ee8f6.png 1002w, https:\/\/www.mediaz-electronics.de\/wp-content\/uploads\/2019\/08\/4ea655df4498ff1cdd98072d6a5ee8f6-600x399.png 600w, https:\/\/www.mediaz-electronics.de\/wp-content\/uploads\/2019\/08\/4ea655df4498ff1cdd98072d6a5ee8f6-300x199.png 300w, https:\/\/www.mediaz-electronics.de\/wp-content\/uploads\/2019\/08\/4ea655df4498ff1cdd98072d6a5ee8f6-768x510.png 768w, https:\/\/www.mediaz-electronics.de\/wp-content\/uploads\/2019\/08\/4ea655df4498ff1cdd98072d6a5ee8f6-705x469.png 705w\" sizes=\"(max-width: 1002px) 100vw, 1002px\" \/><\/div><\/div><\/div><\/div>\n<style type=\"text\/css\" data-created_by=\"avia_inline_auto\" id=\"style-css-av-av_three_fifth-da852e3ef3e55b029d2629c41a20524d\">\n.flex_column.av-av_three_fifth-da852e3ef3e55b029d2629c41a20524d{\nborder-radius:0px 0px 0px 0px;\n-webkit-border-radius:0px 0px 0px 0px;\n-moz-border-radius:0px 0px 0px 0px;\n}\n<\/style>\n<div class='flex_column av-av_three_fifth-da852e3ef3e55b029d2629c41a20524d av_three_fifth  avia-builder-el-11  el_after_av_two_fifth  avia-builder-el-last  flex_column_div av-zero-column-padding column-top-margin'   ><section  class='av_textblock_section av-k2b1so57-3dbe75e276497c138d7b9a4b8f11c33f'  itemscope=\"itemscope\" itemtype=\"https:\/\/schema.org\/CreativeWork\" ><div class='avia_textblock'  itemprop=\"text\" ><h2>WEBHOSTING<\/h2>\n<p>Webhosting &#8211; Was ist das eigentlich? Vereinfacht gesagt, bringen wir Ihre Website ins Internet. Unser Portfolio schlie\u00dft dabei jedoch auch E-Mailverkehr, Cloud-L\u00f6sungen, spezielle Anwendungsf\u00e4lle und vieles mehr mit ein.<br \/>\nUnsere Server arbeiten dabei zu 100% mit \u00d6kostrom &#8211; Der Umwelt zur Liebe.<br \/>\nMehr Informationen finden Sie auf unserer Homepage f\u00fcr Webhostingdienstleistungen.<\/p>\n<\/div><\/section><br \/>\n<div  class='avia-button-wrap avia-button-left  avia-builder-el-13  el_after_av_textblock  avia-builder-el-last ' ><a href='https:\/\/www.mediaz-electronics.de\/index.php\/webhosting\/'  class='avia-button av-k2b1ulqb-94ad5e6af82db3300c2b5d49a532c8e1 avia-icon_select-yes-left-icon avia-size-small avia-position-left avia-color-theme-color' ><span class='avia_button_icon avia_button_icon_left' aria-hidden='true' data-av_icon='\ue81e' data-av_iconfont='entypo-fontello'><\/span><span class='avia_iconbox_title' >Mehr Informationen zu unseren Angeboten rund ums Webhosting<\/span><\/a><\/div><\/p><\/div><\/p>\n","protected":false},"excerpt":{"rendered":"","protected":false},"author":1,"featured_media":0,"parent":0,"menu_order":0,"comment_status":"closed","ping_status":"closed","template":"","meta":[],"yoast_head":"<!-- This site is optimized with the Yoast SEO Premium plugin v15.7 - https:\/\/yoast.com\/wordpress\/plugins\/seo\/ -->\n<title>Homepage-\u00dcbersicht - Mediaz-Electronics<\/title>\n<meta name=\"robots\" content=\"index, follow, max-snippet:-1, max-image-preview:large, max-video-preview:-1\" \/>\n<link rel=\"canonical\" href=\"https:\/\/www.mediaz-electronics.de\/index.php\/homepage-uebersicht\/\" \/>\n<meta property=\"og:locale\" content=\"de_DE\" \/>\n<meta property=\"og:type\" content=\"article\" \/>\n<meta property=\"og:title\" content=\"Homepage-\u00dcbersicht - Mediaz-Electronics\" \/>\n<meta property=\"og:url\" content=\"https:\/\/www.mediaz-electronics.de\/index.php\/homepage-uebersicht\/\" \/>\n<meta property=\"og:site_name\" content=\"Mediaz-Electronics\" \/>\n<meta property=\"article:publisher\" content=\"https:\/\/www.facebook.com\/mediazelectronics\" \/>\n<meta property=\"article:modified_time\" content=\"2019-10-28T23:29:03+00:00\" \/>\n<meta property=\"og:image\" content=\"http:\/\/..\/wp-content\/uploads\/2019\/09\/Blank-Print-Document-9.png\" \/>\n<meta name=\"twitter:card\" content=\"summary_large_image\" \/>\n<meta name=\"twitter:label1\" content=\"Gesch\u00e4tzte Lesezeit\">\n\t<meta name=\"twitter:data1\" content=\"6\u00a0Minuten\">\n<script type=\"application\/ld+json\" class=\"yoast-schema-graph\">{\"@context\":\"https:\/\/schema.org\",\"@graph\":[{\"@type\":\"Organization\",\"@id\":\"https:\/\/www.mediaz-electronics.de\/#organization\",\"name\":\"Mediaz-Electronics\",\"url\":\"https:\/\/www.mediaz-electronics.de\/\",\"sameAs\":[\"https:\/\/www.facebook.com\/mediazelectronics\"],\"logo\":{\"@type\":\"ImageObject\",\"@id\":\"https:\/\/www.mediaz-electronics.de\/#logo\",\"inLanguage\":\"de\",\"url\":\"https:\/\/www.mediaz-electronics.de\/wp-content\/uploads\/2019\/08\/logo.jpg\",\"width\":1020,\"height\":260,\"caption\":\"Mediaz-Electronics\"},\"image\":{\"@id\":\"https:\/\/www.mediaz-electronics.de\/#logo\"}},{\"@type\":\"WebSite\",\"@id\":\"https:\/\/www.mediaz-electronics.de\/#website\",\"url\":\"https:\/\/www.mediaz-electronics.de\/\",\"name\":\"Mediaz-Electronics\",\"description\":\"\",\"publisher\":{\"@id\":\"https:\/\/www.mediaz-electronics.de\/#organization\"},\"potentialAction\":[{\"@type\":\"SearchAction\",\"target\":\"https:\/\/www.mediaz-electronics.de\/?s={search_term_string}\",\"query-input\":\"required name=search_term_string\"}],\"inLanguage\":\"de\"},{\"@type\":\"ImageObject\",\"@id\":\"https:\/\/www.mediaz-electronics.de\/index.php\/homepage-uebersicht\/#primaryimage\",\"inLanguage\":\"de\",\"url\":\"..\/wp-content\/uploads\/2019\/09\/Blank-Print-Document-9.png\"},{\"@type\":\"WebPage\",\"@id\":\"https:\/\/www.mediaz-electronics.de\/index.php\/homepage-uebersicht\/#webpage\",\"url\":\"https:\/\/www.mediaz-electronics.de\/index.php\/homepage-uebersicht\/\",\"name\":\"Homepage-\\u00dcbersicht - Mediaz-Electronics\",\"isPartOf\":{\"@id\":\"https:\/\/www.mediaz-electronics.de\/#website\"},\"primaryImageOfPage\":{\"@id\":\"https:\/\/www.mediaz-electronics.de\/index.php\/homepage-uebersicht\/#primaryimage\"},\"datePublished\":\"2019-10-28T23:14:29+00:00\",\"dateModified\":\"2019-10-28T23:29:03+00:00\",\"inLanguage\":\"de\",\"potentialAction\":[{\"@type\":\"ReadAction\",\"target\":[\"https:\/\/www.mediaz-electronics.de\/index.php\/homepage-uebersicht\/\"]}]}]}<\/script>\n<!-- \/ Yoast SEO Premium plugin. -->","_links":{"self":[{"href":"https:\/\/www.mediaz-electronics.de\/index.php\/wp-json\/wp\/v2\/pages\/1341"}],"collection":[{"href":"https:\/\/www.mediaz-electronics.de\/index.php\/wp-json\/wp\/v2\/pages"}],"about":[{"href":"https:\/\/www.mediaz-electronics.de\/index.php\/wp-json\/wp\/v2\/types\/page"}],"author":[{"embeddable":true,"href":"https:\/\/www.mediaz-electronics.de\/index.php\/wp-json\/wp\/v2\/users\/1"}],"replies":[{"embeddable":true,"href":"https:\/\/www.mediaz-electronics.de\/index.php\/wp-json\/wp\/v2\/comments?post=1341"}],"version-history":[{"count":7,"href":"https:\/\/www.mediaz-electronics.de\/index.php\/wp-json\/wp\/v2\/pages\/1341\/revisions"}],"predecessor-version":[{"id":1352,"href":"https:\/\/www.mediaz-electronics.de\/index.php\/wp-json\/wp\/v2\/pages\/1341\/revisions\/1352"}],"wp:attachment":[{"href":"https:\/\/www.mediaz-electronics.de\/index.php\/wp-json\/wp\/v2\/media?parent=1341"}],"curies":[{"name":"wp","href":"https:\/\/api.w.org\/{rel}","templated":true}]}}