{"id":1131,"date":"2019-10-20T23:34:38","date_gmt":"2019-10-20T23:34:38","guid":{"rendered":"https:\/\/www.mediaz-electronics.de\/?page_id=1131"},"modified":"2020-12-31T14:54:23","modified_gmt":"2020-12-31T14:54:23","slug":"weiteres","status":"publish","type":"page","link":"https:\/\/www.mediaz-electronics.de\/index.php\/weiteres\/","title":{"rendered":"Weiteres"},"content":{"rendered":"\n<style type=\"text\/css\" data-created_by=\"avia_inline_auto\" id=\"style-css-av-8t3x3f-472194b857c45668e706fcf89d09ccc7\">\n.flex_column.av-8t3x3f-472194b857c45668e706fcf89d09ccc7{\nborder-radius:0px 0px 0px 0px;\n-webkit-border-radius:0px 0px 0px 0px;\n-moz-border-radius:0px 0px 0px 0px;\n}\n<\/style>\n<div class='flex_column av-8t3x3f-472194b857c45668e706fcf89d09ccc7 av_one_full  avia-builder-el-0  el_before_av_one_third  avia-builder-el-first  first flex_column_div av-zero-column-padding '   ><section  class='av_textblock_section av-k2bnl2mw-533655973cd192b8d3861a65f39e15f1'  itemscope=\"itemscope\" itemtype=\"https:\/\/schema.org\/CreativeWork\" ><div class='avia_textblock'  itemprop=\"text\" ><h1>WEITERE SERVICES<\/h1>\n<\/div><\/section><\/div>\n\n<style type=\"text\/css\" data-created_by=\"avia_inline_auto\" id=\"style-css-av-7h3yaz-0017febf048d3700c308eef52e0dba87\">\n.flex_column.av-7h3yaz-0017febf048d3700c308eef52e0dba87{\nborder-radius:0px 0px 0px 0px;\n-webkit-border-radius:0px 0px 0px 0px;\n-moz-border-radius:0px 0px 0px 0px;\n}\n<\/style>\n<div class='flex_column av-7h3yaz-0017febf048d3700c308eef52e0dba87 av_one_third  avia-builder-el-2  el_after_av_one_full  el_before_av_two_third  first flex_column_div av-zero-column-padding column-top-margin'   ><style type=\"text\/css\" data-created_by=\"avia_inline_auto\" id=\"style-css-av-k2bnnl1g-7061bcad92709e81b1b9046b51688fba\">\n.avia-image-container.av-k2bnnl1g-7061bcad92709e81b1b9046b51688fba .av-image-caption-overlay-center{\ncolor:#ffffff;\n}\n<\/style>\n<div  class='avia-image-container av-k2bnnl1g-7061bcad92709e81b1b9046b51688fba av-styling- avia-align-center  avia-builder-el-3  avia-builder-el-no-sibling '  itemprop=\"image\" itemscope=\"itemscope\" itemtype=\"https:\/\/schema.org\/ImageObject\" ><div class=\"avia-image-container-inner\"><div class=\"avia-image-overlay-wrap\"><img class='wp-image-292 avia-img-lazy-loading-not-292 avia_image' src=\"https:\/\/www.mediaz-electronics.de\/wp-content\/uploads\/2019\/09\/aaf5ee94dfeideftzgb4f725565d37e8829ba_430x377.jpg\" alt='' title='aaf5ee94dfeideftzgb4f725565d37e8829ba_430x377'  height=\"373\" width=\"430\"  itemprop=\"thumbnailUrl\" srcset=\"https:\/\/www.mediaz-electronics.de\/wp-content\/uploads\/2019\/09\/aaf5ee94dfeideftzgb4f725565d37e8829ba_430x377.jpg 430w, https:\/\/www.mediaz-electronics.de\/wp-content\/uploads\/2019\/09\/aaf5ee94dfeideftzgb4f725565d37e8829ba_430x377-300x260.jpg 300w\" sizes=\"(max-width: 430px) 100vw, 430px\" \/><\/div><\/div><\/div><\/div>\n\n<style type=\"text\/css\" data-created_by=\"avia_inline_auto\" id=\"style-css-av-60t0t7-4f51fb80c720de495810b670e5acc2a2\">\n.flex_column.av-60t0t7-4f51fb80c720de495810b670e5acc2a2{\nborder-radius:0px 0px 0px 0px;\n-webkit-border-radius:0px 0px 0px 0px;\n-moz-border-radius:0px 0px 0px 0px;\n}\n<\/style>\n<div class='flex_column av-60t0t7-4f51fb80c720de495810b670e5acc2a2 av_two_third  avia-builder-el-4  el_after_av_one_third  el_before_av_one_full  flex_column_div av-zero-column-padding column-top-margin'   ><section  class='av_textblock_section av-k2bnmt89-f29628b534ce37400aa98a09ea8293c3'  itemscope=\"itemscope\" itemtype=\"https:\/\/schema.org\/CreativeWork\" ><div class='avia_textblock'  itemprop=\"text\" ><h2><img loading=\"lazy\" class=\"alignnone wp-image-509\" src=\"https:\/\/www.mediaz-electronics.de\/wp-content\/uploads\/2019\/09\/Blank-Print-Document-10.png\" alt=\"\" width=\"20\" height=\"20\" srcset=\"https:\/\/www.mediaz-electronics.de\/wp-content\/uploads\/2019\/09\/Blank-Print-Document-10.png 72w, https:\/\/www.mediaz-electronics.de\/wp-content\/uploads\/2019\/09\/Blank-Print-Document-10-36x36.png 36w\" sizes=\"(max-width: 20px) 100vw, 20px\" \/>\u00a0Digitalisierungen<\/h2>\n<section class=\"av_textblock_section \">\n<div class=\"avia_textblock \">\n<p>Retten Sie jetzt Ihre analogen Kassetten, Videokassetten und Tonb\u00e4nder! Der Verfall der analogen Datentr\u00e4ger ist unaufhaltsam. Doch auch die M\u00f6glichkeiten noch alte Abspielger\u00e4te zu finden, um diese veralterten analogen Datentr\u00e4ger abzuspielen, gehen langsam aus. Umso wichtiger, dass man seine alten Musik oder Videodateien digitalisiert \u2013 um somit auch in Zukunft sich diese Erinnerungen anzuschauen oder anzuh\u00f6ren. Im Rahmen unseres Dienstleistungsangebotes k\u00f6nnen wir Ihnen die Digitalisierung von Audio-Kassetten, Video-Kassettenm, Bildern und Schmalbildfilmen anbieten.<\/p>\n<\/div>\n<\/section>\n<div class=\"hr hr-short hr-left avia-builder-el-64 el_after_av_textblock el_before_av_button \"><\/div>\n<\/div><\/section><br \/>\n<div  class='avia-button-wrap avia-button-left  avia-builder-el-6  el_after_av_textblock  avia-builder-el-last ' ><a href='https:\/\/www.mediaz-electronics.de\/index.php\/digitalisierung-2\/'  class='avia-button av-k2bnpn2s-2f50e4c05c985201af4f8923c7a246d3 avia-icon_select-yes-left-icon avia-size-small avia-position-left avia-color-theme-color' ><span class='avia_button_icon avia_button_icon_left' aria-hidden='true' data-av_icon='\ue81e' data-av_iconfont='entypo-fontello'><\/span><span class='avia_iconbox_title' >Weitere Informationen zu unserem Digitalisierungs-Angebot<\/span><\/a><\/div><\/p><\/div>\n<style type=\"text\/css\" data-created_by=\"avia_inline_auto\" id=\"style-css-av-4vbjdn-9081b8465e8d397ac9f0621b3c0a3834\">\n.flex_column.av-4vbjdn-9081b8465e8d397ac9f0621b3c0a3834{\nborder-radius:0px 0px 0px 0px;\n-webkit-border-radius:0px 0px 0px 0px;\n-moz-border-radius:0px 0px 0px 0px;\n}\n<\/style>\n<div class='flex_column av-4vbjdn-9081b8465e8d397ac9f0621b3c0a3834 av_one_full  avia-builder-el-7  el_after_av_two_third  avia-builder-el-last  first flex_column_div av-zero-column-padding column-top-margin'   ><div  class='hr av-az99n-3605c5820b94d18b4d4b540595acf498 hr-default  avia-builder-el-8  avia-builder-el-no-sibling '><span class='hr-inner '><span class=\"hr-inner-style\"><\/span><\/span><\/div><\/div><\/p>\n","protected":false},"excerpt":{"rendered":"","protected":false},"author":1,"featured_media":0,"parent":0,"menu_order":0,"comment_status":"closed","ping_status":"closed","template":"","meta":[],"yoast_head":"<!-- This site is optimized with the Yoast SEO Premium plugin v15.7 - https:\/\/yoast.com\/wordpress\/plugins\/seo\/ -->\n<title>Weiteres - Mediaz-Electronics<\/title>\n<meta name=\"robots\" content=\"index, follow, max-snippet:-1, max-image-preview:large, max-video-preview:-1\" \/>\n<link rel=\"canonical\" href=\"https:\/\/www.mediaz-electronics.de\/index.php\/weiteres\/\" \/>\n<meta property=\"og:locale\" content=\"de_DE\" \/>\n<meta property=\"og:type\" content=\"article\" \/>\n<meta property=\"og:title\" content=\"Weiteres - Mediaz-Electronics\" \/>\n<meta property=\"og:url\" content=\"https:\/\/www.mediaz-electronics.de\/index.php\/weiteres\/\" \/>\n<meta property=\"og:site_name\" content=\"Mediaz-Electronics\" \/>\n<meta property=\"article:publisher\" content=\"https:\/\/www.facebook.com\/mediazelectronics\" \/>\n<meta property=\"article:modified_time\" content=\"2020-12-31T14:54:23+00:00\" \/>\n<meta property=\"og:image\" content=\"https:\/\/www.mediaz-electronics.de\/wp-content\/uploads\/2019\/09\/Blank-Print-Document-10.png\" \/>\n<meta name=\"twitter:card\" content=\"summary_large_image\" \/>\n<meta name=\"twitter:label1\" content=\"Gesch\u00e4tzte Lesezeit\">\n\t<meta name=\"twitter:data1\" content=\"4\u00a0Minuten\">\n<script type=\"application\/ld+json\" class=\"yoast-schema-graph\">{\"@context\":\"https:\/\/schema.org\",\"@graph\":[{\"@type\":\"Organization\",\"@id\":\"https:\/\/www.mediaz-electronics.de\/#organization\",\"name\":\"Mediaz-Electronics\",\"url\":\"https:\/\/www.mediaz-electronics.de\/\",\"sameAs\":[\"https:\/\/www.facebook.com\/mediazelectronics\"],\"logo\":{\"@type\":\"ImageObject\",\"@id\":\"https:\/\/www.mediaz-electronics.de\/#logo\",\"inLanguage\":\"de\",\"url\":\"https:\/\/www.mediaz-electronics.de\/wp-content\/uploads\/2019\/08\/logo.jpg\",\"width\":1020,\"height\":260,\"caption\":\"Mediaz-Electronics\"},\"image\":{\"@id\":\"https:\/\/www.mediaz-electronics.de\/#logo\"}},{\"@type\":\"WebSite\",\"@id\":\"https:\/\/www.mediaz-electronics.de\/#website\",\"url\":\"https:\/\/www.mediaz-electronics.de\/\",\"name\":\"Mediaz-Electronics\",\"description\":\"\",\"publisher\":{\"@id\":\"https:\/\/www.mediaz-electronics.de\/#organization\"},\"potentialAction\":[{\"@type\":\"SearchAction\",\"target\":\"https:\/\/www.mediaz-electronics.de\/?s={search_term_string}\",\"query-input\":\"required name=search_term_string\"}],\"inLanguage\":\"de\"},{\"@type\":\"ImageObject\",\"@id\":\"https:\/\/www.mediaz-electronics.de\/index.php\/weiteres\/#primaryimage\",\"inLanguage\":\"de\",\"url\":\"https:\/\/www.mediaz-electronics.de\/wp-content\/uploads\/2019\/09\/Blank-Print-Document-10.png\",\"width\":72,\"height\":72},{\"@type\":\"WebPage\",\"@id\":\"https:\/\/www.mediaz-electronics.de\/index.php\/weiteres\/#webpage\",\"url\":\"https:\/\/www.mediaz-electronics.de\/index.php\/weiteres\/\",\"name\":\"Weiteres - Mediaz-Electronics\",\"isPartOf\":{\"@id\":\"https:\/\/www.mediaz-electronics.de\/#website\"},\"primaryImageOfPage\":{\"@id\":\"https:\/\/www.mediaz-electronics.de\/index.php\/weiteres\/#primaryimage\"},\"datePublished\":\"2019-10-20T23:34:38+00:00\",\"dateModified\":\"2020-12-31T14:54:23+00:00\",\"inLanguage\":\"de\",\"potentialAction\":[{\"@type\":\"ReadAction\",\"target\":[\"https:\/\/www.mediaz-electronics.de\/index.php\/weiteres\/\"]}]}]}<\/script>\n<!-- \/ Yoast SEO Premium plugin. -->","_links":{"self":[{"href":"https:\/\/www.mediaz-electronics.de\/index.php\/wp-json\/wp\/v2\/pages\/1131"}],"collection":[{"href":"https:\/\/www.mediaz-electronics.de\/index.php\/wp-json\/wp\/v2\/pages"}],"about":[{"href":"https:\/\/www.mediaz-electronics.de\/index.php\/wp-json\/wp\/v2\/types\/page"}],"author":[{"embeddable":true,"href":"https:\/\/www.mediaz-electronics.de\/index.php\/wp-json\/wp\/v2\/users\/1"}],"replies":[{"embeddable":true,"href":"https:\/\/www.mediaz-electronics.de\/index.php\/wp-json\/wp\/v2\/comments?post=1131"}],"version-history":[{"count":10,"href":"https:\/\/www.mediaz-electronics.de\/index.php\/wp-json\/wp\/v2\/pages\/1131\/revisions"}],"predecessor-version":[{"id":2718,"href":"https:\/\/www.mediaz-electronics.de\/index.php\/wp-json\/wp\/v2\/pages\/1131\/revisions\/2718"}],"wp:attachment":[{"href":"https:\/\/www.mediaz-electronics.de\/index.php\/wp-json\/wp\/v2\/media?parent=1131"}],"curies":[{"name":"wp","href":"https:\/\/api.w.org\/{rel}","templated":true}]}}